{"id":2563,"date":"2020-02-20T15:43:50","date_gmt":"2020-02-20T14:43:50","guid":{"rendered":"https:\/\/festivaldesforets.fr\/mentions-legales\/"},"modified":"2022-03-03T20:03:25","modified_gmt":"2022-03-03T19:03:25","slug":"mentions-legales","status":"publish","type":"page","link":"https:\/\/festivaldesforets.fr\/en\/mentions-legales\/","title":{"rendered":"Mentions L\u00e9gales"},"content":{"rendered":"\n<h2 class=\"wp-block-heading\">Propri\u00e9t\u00e9<\/h2>\n\n\n\n<p>Le site internet <a href=\"http:\/\/www.festivaldesforets.fr\">www.festivaldesforets.fr<\/a> est la propri\u00e9t\u00e9 de<\/p>\n\n\n\n<ul class=\"wp-block-list\"><li>Festival des for\u00eats<\/li><li>2, rue G\u00e9n\u00e9ral Bourcier, 60200 Compi\u00e8gne<\/li><\/ul>\n\n\n\n<h2 class=\"wp-block-heading\">Conception et r\u00e9alisation<\/h2>\n\n\n\n<ul class=\"wp-block-list\"><li>Conception, int\u00e9gration graphique et technique : MozArtsduWeb <a rel=\"noreferrer noopener\" href=\"https:\/\/www.mozartsduweb.com\" target=\"_blank\">Cr\u00e9ation site internet dans l&#8217;Oise<\/a><\/li><li>H\u00e9bergement : OVH <a href=\"https:\/\/www.ovh.com\/fr\/\">https:\/\/www.ovh.com\/fr\/<\/a><\/li><li>Webdesign : <a href=\"https:\/\/samantha-paul.com\">Samantha Paul<\/a><\/li><\/ul>\n\n\n\n<h2 class=\"wp-block-heading\">Cr\u00e9dits photographiques et vid\u00e9os<\/h2>\n\n\n\n<p>Photographies : Ludovic Leleu, Richard Dugovic, Jean-Pierre Gilson, Anne-Sophie Flament et Benjamin Teissedre<\/p>\n\n\n\n<p>Vid\u00e9o : The Sound of Trees de Camille P\u00e9pin, Editions Billaudot, commande de l\u2019Orchestre de Picardie Interpr\u00e8tes : Orchestre de Picardie, sous la direction d\u2019Arie van Beek Julien Herv\u00e9, clarinette Yan Levionnois, violoncelle \u00a9 Label NoMadMusic,&nbsp;&nbsp;Images Dezdo Films \/ Bastien Pradeau<\/p>\n\n\n\n<h2 class=\"wp-block-heading\">Protection des donn\u00e9es personnelles<\/h2>\n\n\n\n<p>Toute inscription sur le site internet www.festivaldesforets.fr fait l&#8217;objet d&#8217;une d\u00e9claration aupr\u00e8s de la CNIL (Commission Nationale de l&#8217;Informatique et des Libert\u00e9s). Vous disposez d&#8217;un droit de modification , de rectification et de suppression des donn\u00e9es vous concernant (Art. 34 de la loi &#8220;Informatique et libert\u00e9s&#8221;). Pour l&#8217;exercer, envoyez un e-mail \u00e0 contact@festivaldesforets.fr ou bien envoyez un courrier \u00e0 l&#8217;adresse suivante :<\/p>\n\n\n\n<ul class=\"wp-block-list\"><li>Festival des for\u00eats<\/li><li>2, rue G\u00e9n\u00e9ral Bourcier<\/li><li>60200 Compi\u00e8gne<\/li><li>T\u00e9l\u00e9phone : 03 44 40 28 99<\/li><li>Site internet : <a href=\"http:\/\/www.festivaldesforets.fr\/index.php\">www.festivaldesforets.fr<\/a><\/li><\/ul>\n\n\n\n<h2 class=\"wp-block-heading\">Responsabilit\u00e9s :<\/h2>\n\n\n\n<p>Toutes les offres sont non contractuelles et ne constituent pas la liste exhaustive des prestations du Festival des for\u00eats. Les partenaires du Festival des for\u00eats sont seuls responsables de leurs offres. Les tarifs sont donn\u00e9s \u00e0 titre indicatif et n&#8217;engagent aucunement la responsabilit\u00e9 du Festival des for\u00eats. De fa\u00e7on g\u00e9n\u00e9rale, la responsabilit\u00e9 du Festival des for\u00eats ne saurait \u00eatre engag\u00e9e pour toute erreur ou omission.<\/p>\n\n\n\n<h2 class=\"wp-block-heading\">Droits d&#8217;auteur :<\/h2>\n\n\n\n<p>Le site internet www.festivaldesforets.fr est la propri\u00e9t\u00e9 du Festival des for\u00eats. L&#8217;ensemble des \u00e9l\u00e9ments \u00e9dit\u00e9s sur ce site, incluant notamment les textes, photographies, infographies, logos, marques, nom de domaine&#8230; sont prot\u00e9g\u00e9s par des dispositions du code de la Propri\u00e9t\u00e9 Intellectuelle. En cons\u00e9quence, aucun \u00e9l\u00e9ment composant ce site ne peut \u00eatre copi\u00e9, reproduit, modifi\u00e9, r\u00e9\u00e9dit\u00e9, charg\u00e9, d\u00e9natur\u00e9, transmis ou distribu\u00e9 de quelque mani\u00e8re que ce soit, de fa\u00e7on partielle ou int\u00e9grale, sans l&#8217;autorisation \u00e9crite et pr\u00e9alable du Festival des for\u00eats. Seule la copie \u00e0 usage priv\u00e9 est autoris\u00e9e pour votre usage personnel, priv\u00e9 et non commercial, sur votre ordinateur.<\/p>\n","protected":false},"excerpt":{"rendered":"<p>Propri\u00e9t\u00e9 Le site internet www.festivaldesforets.fr est la propri\u00e9t\u00e9 de Festival des for\u00eats 2, rue G\u00e9n\u00e9ral Bourcier, 60200 Compi\u00e8gne Conception et r\u00e9alisation Conception, int\u00e9gration graphique et technique : MozArtsduWeb Cr\u00e9ation site internet dans l&#8217;Oise H\u00e9bergement : OVH https:\/\/www.ovh.com\/fr\/ Webdesign : Samantha Paul Cr\u00e9dits photographiques et vid\u00e9os Photographies : Ludovic Leleu, Richard Dugovic, Jean-Pierre Gilson, Anne-Sophie Flament<\/p>\n","protected":false},"author":4,"featured_media":0,"parent":0,"menu_order":230,"comment_status":"closed","ping_status":"closed","template":"views\/template-sidebar-right-boxed.blade.php","meta":{"footnotes":""},"class_list":["post-2563","page","type-page","status-publish","hentry"],"acf":[],"yoast_head":"<!-- This site is optimized with the Yoast SEO plugin v20.13 - https:\/\/yoast.com\/wordpress\/plugins\/seo\/ -->\n<title>Mentions L\u00e9gales - Festival Des For\u00eats<\/title>\n<meta name=\"robots\" content=\"index, follow, max-snippet:-1, max-image-preview:large, max-video-preview:-1\" \/>\n<link rel=\"canonical\" href=\"https:\/\/festivaldesforets.fr\/en\/mentions-legales\/\" \/>\n<meta property=\"og:locale\" content=\"en_US\" \/>\n<meta property=\"og:type\" content=\"article\" \/>\n<meta property=\"og:title\" content=\"Mentions L\u00e9gales - Festival Des For\u00eats\" \/>\n<meta property=\"og:description\" content=\"Propri\u00e9t\u00e9 Le site internet www.festivaldesforets.fr est la propri\u00e9t\u00e9 de Festival des for\u00eats 2, rue G\u00e9n\u00e9ral Bourcier, 60200 Compi\u00e8gne Conception et r\u00e9alisation Conception, int\u00e9gration graphique et technique : MozArtsduWeb Cr\u00e9ation site internet dans l&#8217;Oise H\u00e9bergement : OVH https:\/\/www.ovh.com\/fr\/ Webdesign : Samantha Paul Cr\u00e9dits photographiques et vid\u00e9os Photographies : Ludovic Leleu, Richard Dugovic, Jean-Pierre Gilson, Anne-Sophie Flament\" \/>\n<meta property=\"og:url\" content=\"https:\/\/festivaldesforets.fr\/en\/mentions-legales\/\" \/>\n<meta property=\"og:site_name\" content=\"Festival Des For\u00eats\" \/>\n<meta property=\"article:publisher\" content=\"https:\/\/www.facebook.com\/pages\/category\/Nonprofit-Organization\/Festival-des-For%c3%aats-Compi%c3%a8gne-387973626896\/\" \/>\n<meta property=\"article:modified_time\" content=\"2022-03-03T19:03:25+00:00\" \/>\n<meta property=\"og:image\" content=\"https:\/\/festivaldesforets.fr\/app\/medias\/2020\/06\/festivaldesforets-og.jpg\" \/>\n\t<meta property=\"og:image:width\" content=\"1200\" \/>\n\t<meta property=\"og:image:height\" content=\"630\" \/>\n\t<meta property=\"og:image:type\" content=\"image\/jpeg\" \/>\n<meta name=\"twitter:card\" content=\"summary_large_image\" \/>\n<meta name=\"twitter:site\" content=\"@festivdesforets\" \/>\n<meta name=\"twitter:label1\" content=\"Est. reading time\" \/>\n\t<meta name=\"twitter:data1\" content=\"2 minutes\" \/>\n<script type=\"application\/ld+json\" class=\"yoast-schema-graph\">{\"@context\":\"https:\/\/schema.org\",\"@graph\":[{\"@type\":\"WebPage\",\"@id\":\"https:\/\/festivaldesforets.fr\/en\/mentions-legales\/\",\"url\":\"https:\/\/festivaldesforets.fr\/en\/mentions-legales\/\",\"name\":\"Mentions L\u00e9gales - Festival Des For\u00eats\",\"isPartOf\":{\"@id\":\"https:\/\/festivaldesforets.fr\/#website\"},\"datePublished\":\"2020-02-20T14:43:50+00:00\",\"dateModified\":\"2022-03-03T19:03:25+00:00\",\"breadcrumb\":{\"@id\":\"https:\/\/festivaldesforets.fr\/en\/mentions-legales\/#breadcrumb\"},\"inLanguage\":\"en-US\",\"potentialAction\":[{\"@type\":\"ReadAction\",\"target\":[\"https:\/\/festivaldesforets.fr\/en\/mentions-legales\/\"]}]},{\"@type\":\"BreadcrumbList\",\"@id\":\"https:\/\/festivaldesforets.fr\/en\/mentions-legales\/#breadcrumb\",\"itemListElement\":[{\"@type\":\"ListItem\",\"position\":1,\"name\":\"Accueil\",\"item\":\"https:\/\/festivaldesforets.fr\/\"},{\"@type\":\"ListItem\",\"position\":2,\"name\":\"Mentions L\u00e9gales\"}]},{\"@type\":\"WebSite\",\"@id\":\"https:\/\/festivaldesforets.fr\/#website\",\"url\":\"https:\/\/festivaldesforets.fr\/\",\"name\":\"Festival Des For\u00eats\",\"description\":\"\",\"publisher\":{\"@id\":\"https:\/\/festivaldesforets.fr\/#organization\"},\"potentialAction\":[{\"@type\":\"SearchAction\",\"target\":{\"@type\":\"EntryPoint\",\"urlTemplate\":\"https:\/\/festivaldesforets.fr\/?s={search_term_string}\"},\"query-input\":\"required name=search_term_string\"}],\"inLanguage\":\"en-US\"},{\"@type\":\"Organization\",\"@id\":\"https:\/\/festivaldesforets.fr\/#organization\",\"name\":\"Festival Des For\u00eats\",\"url\":\"https:\/\/festivaldesforets.fr\/\",\"logo\":{\"@type\":\"ImageObject\",\"inLanguage\":\"en-US\",\"@id\":\"https:\/\/festivaldesforets.fr\/#\/schema\/logo\/image\/\",\"url\":\"https:\/\/festivaldesforets.fr\/app\/medias\/2020\/04\/favicon.png\",\"contentUrl\":\"https:\/\/festivaldesforets.fr\/app\/medias\/2020\/04\/favicon.png\",\"width\":400,\"height\":400,\"caption\":\"Festival Des For\u00eats\"},\"image\":{\"@id\":\"https:\/\/festivaldesforets.fr\/#\/schema\/logo\/image\/\"},\"sameAs\":[\"https:\/\/www.facebook.com\/pages\/category\/Nonprofit-Organization\/Festival-des-For\u00eats-Compi\u00e8gne-387973626896\/\",\"https:\/\/twitter.com\/festivdesforets\",\"https:\/\/www.instagram.com\/festivaldesforets\/\",\"https:\/\/www.youtube.com\/channel\/UCVkpqxSO3SaxTiM-9GVfqag\"]}]}<\/script>\n<!-- \/ Yoast SEO plugin. -->","yoast_head_json":{"title":"Mentions L\u00e9gales - Festival Des For\u00eats","robots":{"index":"index","follow":"follow","max-snippet":"max-snippet:-1","max-image-preview":"max-image-preview:large","max-video-preview":"max-video-preview:-1"},"canonical":"https:\/\/festivaldesforets.fr\/en\/mentions-legales\/","og_locale":"en_US","og_type":"article","og_title":"Mentions L\u00e9gales - Festival Des For\u00eats","og_description":"Propri\u00e9t\u00e9 Le site internet www.festivaldesforets.fr est la propri\u00e9t\u00e9 de Festival des for\u00eats 2, rue G\u00e9n\u00e9ral Bourcier, 60200 Compi\u00e8gne Conception et r\u00e9alisation Conception, int\u00e9gration graphique et technique : MozArtsduWeb Cr\u00e9ation site internet dans l&#8217;Oise H\u00e9bergement : OVH https:\/\/www.ovh.com\/fr\/ Webdesign : Samantha Paul Cr\u00e9dits photographiques et vid\u00e9os Photographies : Ludovic Leleu, Richard Dugovic, Jean-Pierre Gilson, Anne-Sophie Flament","og_url":"https:\/\/festivaldesforets.fr\/en\/mentions-legales\/","og_site_name":"Festival Des For\u00eats","article_publisher":"https:\/\/www.facebook.com\/pages\/category\/Nonprofit-Organization\/Festival-des-For%c3%aats-Compi%c3%a8gne-387973626896\/","article_modified_time":"2022-03-03T19:03:25+00:00","og_image":[{"width":1200,"height":630,"url":"https:\/\/festivaldesforets.fr\/app\/medias\/2020\/06\/festivaldesforets-og.jpg","type":"image\/jpeg"}],"twitter_card":"summary_large_image","twitter_site":"@festivdesforets","twitter_misc":{"Est. reading time":"2 minutes"},"schema":{"@context":"https:\/\/schema.org","@graph":[{"@type":"WebPage","@id":"https:\/\/festivaldesforets.fr\/en\/mentions-legales\/","url":"https:\/\/festivaldesforets.fr\/en\/mentions-legales\/","name":"Mentions L\u00e9gales - Festival Des For\u00eats","isPartOf":{"@id":"https:\/\/festivaldesforets.fr\/#website"},"datePublished":"2020-02-20T14:43:50+00:00","dateModified":"2022-03-03T19:03:25+00:00","breadcrumb":{"@id":"https:\/\/festivaldesforets.fr\/en\/mentions-legales\/#breadcrumb"},"inLanguage":"en-US","potentialAction":[{"@type":"ReadAction","target":["https:\/\/festivaldesforets.fr\/en\/mentions-legales\/"]}]},{"@type":"BreadcrumbList","@id":"https:\/\/festivaldesforets.fr\/en\/mentions-legales\/#breadcrumb","itemListElement":[{"@type":"ListItem","position":1,"name":"Accueil","item":"https:\/\/festivaldesforets.fr\/"},{"@type":"ListItem","position":2,"name":"Mentions L\u00e9gales"}]},{"@type":"WebSite","@id":"https:\/\/festivaldesforets.fr\/#website","url":"https:\/\/festivaldesforets.fr\/","name":"Festival Des For\u00eats","description":"","publisher":{"@id":"https:\/\/festivaldesforets.fr\/#organization"},"potentialAction":[{"@type":"SearchAction","target":{"@type":"EntryPoint","urlTemplate":"https:\/\/festivaldesforets.fr\/?s={search_term_string}"},"query-input":"required name=search_term_string"}],"inLanguage":"en-US"},{"@type":"Organization","@id":"https:\/\/festivaldesforets.fr\/#organization","name":"Festival Des For\u00eats","url":"https:\/\/festivaldesforets.fr\/","logo":{"@type":"ImageObject","inLanguage":"en-US","@id":"https:\/\/festivaldesforets.fr\/#\/schema\/logo\/image\/","url":"https:\/\/festivaldesforets.fr\/app\/medias\/2020\/04\/favicon.png","contentUrl":"https:\/\/festivaldesforets.fr\/app\/medias\/2020\/04\/favicon.png","width":400,"height":400,"caption":"Festival Des For\u00eats"},"image":{"@id":"https:\/\/festivaldesforets.fr\/#\/schema\/logo\/image\/"},"sameAs":["https:\/\/www.facebook.com\/pages\/category\/Nonprofit-Organization\/Festival-des-For\u00eats-Compi\u00e8gne-387973626896\/","https:\/\/twitter.com\/festivdesforets","https:\/\/www.instagram.com\/festivaldesforets\/","https:\/\/www.youtube.com\/channel\/UCVkpqxSO3SaxTiM-9GVfqag"]}]}},"_links":{"self":[{"href":"https:\/\/festivaldesforets.fr\/en\/wp-json\/wp\/v2\/pages\/2563","targetHints":{"allow":["GET"]}}],"collection":[{"href":"https:\/\/festivaldesforets.fr\/en\/wp-json\/wp\/v2\/pages"}],"about":[{"href":"https:\/\/festivaldesforets.fr\/en\/wp-json\/wp\/v2\/types\/page"}],"author":[{"embeddable":true,"href":"https:\/\/festivaldesforets.fr\/en\/wp-json\/wp\/v2\/users\/4"}],"replies":[{"embeddable":true,"href":"https:\/\/festivaldesforets.fr\/en\/wp-json\/wp\/v2\/comments?post=2563"}],"version-history":[{"count":3,"href":"https:\/\/festivaldesforets.fr\/en\/wp-json\/wp\/v2\/pages\/2563\/revisions"}],"predecessor-version":[{"id":2970,"href":"https:\/\/festivaldesforets.fr\/en\/wp-json\/wp\/v2\/pages\/2563\/revisions\/2970"}],"wp:attachment":[{"href":"https:\/\/festivaldesforets.fr\/en\/wp-json\/wp\/v2\/media?parent=2563"}],"curies":[{"name":"wp","href":"https:\/\/api.w.org\/{rel}","templated":true}]}}