{"id":2553,"date":"2021-06-24T14:47:53","date_gmt":"2021-06-24T12:47:53","guid":{"rendered":"https:\/\/festivaldesforets.fr\/?page_id=2553"},"modified":"2021-06-24T14:47:54","modified_gmt":"2021-06-24T12:47:54","slug":"join-the-association","status":"publish","type":"page","link":"https:\/\/festivaldesforets.fr\/en\/the-festival-des-forets-association\/join-the-association\/","title":{"rendered":"Join the association"},"content":{"rendered":"\n<p>The Festival des For\u00eats is an association law 1901. It was born from the passion for classical music of several people, including: G\u00e9rard de Griffolet, Guy Louis, Chantal Grouard, Bruno Ory-Lavoll\u00e9e, Anne de Rambuteau, Jos\u00e9 Shard, supported by G\u00e9rard Le Goff, from the town hall of Compi\u00e8gne.<\/p>\n\n\n\n<h2 class=\"wp-block-heading\">Association office<\/h2>\n\n\n\n<ul class=\"wp-block-list\"><li>Bruno Ory-Lavoll\u00e9e, President<\/li><li>Edouard Mathieu, Vice-president \/ Partner relations<\/li><li>Philippe Poussin, Treasurer<\/li><li>Patrick Delanef, Treasurer Deputy<\/li><li>Monique Courtade, Secretary<\/li><li>Claudine Boutt\u00e9, Deputy Secretary<\/li><li>Isabelle R\u00e9my, Assessor<\/li><li>Marie-George Gobert, Assessor \/ Manager volunteers<\/li><li>Jacques Franc\u00e8s, Assessor \/ Partner relations<\/li><li>Philippe de Lauzanne, Assessor &amp; nbsp;<\/li><\/ul>\n\n\n\n<p>The Board of Directors is made up of the members of the Bureau and the following people:<\/p>\n\n\n\n<ul class=\"wp-block-list\"><li>Hugues de Grandmaison<\/li><li>Chantal Leblanc<\/li><li>Marie-No\u00eblle Lef\u00e8vre<\/li><li>Guy Louis<\/li><li>Jean-Marc P\u00e9neau &lt; \/ li&gt;<\/li><li>Christine Vervel<\/li><\/ul>\n\n\n\n<p>Salaried festival team<\/p>\n\n\n\n<ul class=\"wp-block-list\"><li>Alexandra Letuppe-Pantic, Director<\/li><li>Virginie Courrech, Mediation Officer<\/li><li>L\u00e9a Lotz, Development Officer<\/li><li>Chlo\u00e9 Paillard, Officer production<\/li><li>Camille Lardin, intern<\/li><li>Gaspard de Lencquesaing, intern<\/li><\/ul>\n\n\n\n<h2 class=\"wp-block-heading\">Become an actor in the Festival des For\u00eats<\/h2>\n\n\n\n<p>The association remains faithful to what has made its success since 1992: combining classical music, nature and architectural heritage to provide its audience with unforgettable moments in the company of great artists. The Festival&#8217;s mission is also to introduce classical music to a large audience, without forgetting people who have difficulty accessing it.<\/p>\n\n\n\n<p><strong>Take part in the artistic life of your region and in a solidarity project for music education by becoming a member or sponsor of the Festival des For\u00eats:<\/strong><\/p>\n\n\n\n<ul class=\"wp-block-list\"><li>to give birth to quality artistic projects so that the Festival will once again enchant the public;<\/li><li>make classical and contemporary music accessible to all through concerts in original forms: &amp; nbsp; ; hiking concerts, illuminations, family concerts, workshops for young children;<\/li><li>contribute to the influence and enhancement of the region&#8217;s natural and architectural heritage;<br>maintain seat prices accessible to all and the free admission of certain concerts for underprivileged people;<\/li><li>continue the process of integrating disabled people led by the Festival in schools.<\/li><\/ul>\n\n\n\n<p><strong>Membership &amp; nbsp ;:<\/strong><br>Membership under 25 \u20ac 10 * Individual contribution \u20ac 25 * Couple contribution \u20ac 38 * Your membership will allow you to participate in the decisions of the general assembly, be informed regularly of the life and projects of the Association and to benefit from reduced rates for our concerts.<\/p>\n\n\n\n<p><strong>Don &amp; nbsp ;:<\/strong><br>Benefactor Member: from 150 \u20ac * The title of benefactor also entitles you to an invitation for two to the concert of your choice.<\/p>\n\n\n\n<p><strong>Patronage:<\/strong><br>Patron Member: from \u20ac 300 * The title of patron entitles you to four additional invitations during the Festival.<\/p>\n\n\n\n<p><strong>* The advantages of the tax reduction: &amp; nbsp;<\/strong> 66% of the amount of your contribution or your donation is deductible from your tax on taxable income. A donation of 300 \u20ac really only costs 102 \u20ac. Upon receipt of your contribution, we will send you the corresponding tax receipt.<\/p>\n\n\n\n<p>To download our membership form: &amp; nbsp; <a href=\"http:\/\/festivaldesforets.fr\/app\/medias\/2020\/07\/Courrier-dadhe\u0301sion-2020-OK.pdf\">click here<\/a><\/p>\n","protected":false},"excerpt":{"rendered":"<p>The Festival des For\u00eats is an association law 1901. It was born from the passion for classical music of several people, including: G\u00e9rard de Griffolet, Guy Louis, Chantal Grouard, Bruno Ory-Lavoll\u00e9e, Anne de Rambuteau, Jos\u00e9 Shard, supported by G\u00e9rard Le Goff, from the town hall of Compi\u00e8gne. Association office Bruno Ory-Lavoll\u00e9e, President Edouard Mathieu, Vice-president<\/p>\n","protected":false},"author":3,"featured_media":2239,"parent":2065,"menu_order":82,"comment_status":"closed","ping_status":"closed","template":"","meta":{"footnotes":""},"class_list":["post-2553","page","type-page","status-publish","has-post-thumbnail","hentry"],"acf":[],"yoast_head":"<!-- This site is optimized with the Yoast SEO plugin v20.13 - https:\/\/yoast.com\/wordpress\/plugins\/seo\/ -->\n<title>Join the association - Festival Des For\u00eats<\/title>\n<meta name=\"robots\" content=\"index, follow, max-snippet:-1, max-image-preview:large, max-video-preview:-1\" \/>\n<link rel=\"canonical\" href=\"https:\/\/festivaldesforets.fr\/en\/the-festival-des-forets-association\/join-the-association\/\" \/>\n<meta property=\"og:locale\" content=\"en_US\" \/>\n<meta property=\"og:type\" content=\"article\" \/>\n<meta property=\"og:title\" content=\"Join the association - Festival Des For\u00eats\" \/>\n<meta property=\"og:description\" content=\"The Festival des For\u00eats is an association law 1901. It was born from the passion for classical music of several people, including: G\u00e9rard de Griffolet, Guy Louis, Chantal Grouard, Bruno Ory-Lavoll\u00e9e, Anne de Rambuteau, Jos\u00e9 Shard, supported by G\u00e9rard Le Goff, from the town hall of Compi\u00e8gne. Association office Bruno Ory-Lavoll\u00e9e, President Edouard Mathieu, Vice-president\" \/>\n<meta property=\"og:url\" content=\"https:\/\/festivaldesforets.fr\/en\/the-festival-des-forets-association\/join-the-association\/\" \/>\n<meta property=\"og:site_name\" content=\"Festival Des For\u00eats\" \/>\n<meta property=\"article:publisher\" content=\"https:\/\/www.facebook.com\/pages\/category\/Nonprofit-Organization\/Festival-des-For%c3%aats-Compi%c3%a8gne-387973626896\/\" \/>\n<meta property=\"article:modified_time\" content=\"2021-06-24T12:47:54+00:00\" \/>\n<meta property=\"og:image\" content=\"https:\/\/festivaldesforets.fr\/app\/medias\/2020\/05\/a-la-une-adherer.jpg\" \/>\n\t<meta property=\"og:image:width\" content=\"1920\" \/>\n\t<meta property=\"og:image:height\" content=\"828\" \/>\n\t<meta property=\"og:image:type\" content=\"image\/jpeg\" \/>\n<meta name=\"twitter:card\" content=\"summary_large_image\" \/>\n<meta name=\"twitter:site\" content=\"@festivdesforets\" \/>\n<meta name=\"twitter:label1\" content=\"Est. reading time\" \/>\n\t<meta name=\"twitter:data1\" content=\"3 minutes\" \/>\n<script type=\"application\/ld+json\" class=\"yoast-schema-graph\">{\"@context\":\"https:\/\/schema.org\",\"@graph\":[{\"@type\":\"WebPage\",\"@id\":\"https:\/\/festivaldesforets.fr\/en\/the-festival-des-forets-association\/join-the-association\/\",\"url\":\"https:\/\/festivaldesforets.fr\/en\/the-festival-des-forets-association\/join-the-association\/\",\"name\":\"Join the association - Festival Des For\u00eats\",\"isPartOf\":{\"@id\":\"https:\/\/festivaldesforets.fr\/#website\"},\"datePublished\":\"2021-06-24T12:47:53+00:00\",\"dateModified\":\"2021-06-24T12:47:54+00:00\",\"breadcrumb\":{\"@id\":\"https:\/\/festivaldesforets.fr\/en\/the-festival-des-forets-association\/join-the-association\/#breadcrumb\"},\"inLanguage\":\"en-US\",\"potentialAction\":[{\"@type\":\"ReadAction\",\"target\":[\"https:\/\/festivaldesforets.fr\/en\/the-festival-des-forets-association\/join-the-association\/\"]}]},{\"@type\":\"BreadcrumbList\",\"@id\":\"https:\/\/festivaldesforets.fr\/en\/the-festival-des-forets-association\/join-the-association\/#breadcrumb\",\"itemListElement\":[{\"@type\":\"ListItem\",\"position\":1,\"name\":\"Accueil\",\"item\":\"https:\/\/festivaldesforets.fr\/\"},{\"@type\":\"ListItem\",\"position\":2,\"name\":\"The Festival des For\u00eats Association\",\"item\":\"https:\/\/festivaldesforets.fr\/en\/the-festival-des-forets-association\/\"},{\"@type\":\"ListItem\",\"position\":3,\"name\":\"Join the association\"}]},{\"@type\":\"WebSite\",\"@id\":\"https:\/\/festivaldesforets.fr\/#website\",\"url\":\"https:\/\/festivaldesforets.fr\/\",\"name\":\"Festival Des For\u00eats\",\"description\":\"\",\"publisher\":{\"@id\":\"https:\/\/festivaldesforets.fr\/#organization\"},\"potentialAction\":[{\"@type\":\"SearchAction\",\"target\":{\"@type\":\"EntryPoint\",\"urlTemplate\":\"https:\/\/festivaldesforets.fr\/?s={search_term_string}\"},\"query-input\":\"required name=search_term_string\"}],\"inLanguage\":\"en-US\"},{\"@type\":\"Organization\",\"@id\":\"https:\/\/festivaldesforets.fr\/#organization\",\"name\":\"Festival Des For\u00eats\",\"url\":\"https:\/\/festivaldesforets.fr\/\",\"logo\":{\"@type\":\"ImageObject\",\"inLanguage\":\"en-US\",\"@id\":\"https:\/\/festivaldesforets.fr\/#\/schema\/logo\/image\/\",\"url\":\"https:\/\/festivaldesforets.fr\/app\/medias\/2020\/04\/favicon.png\",\"contentUrl\":\"https:\/\/festivaldesforets.fr\/app\/medias\/2020\/04\/favicon.png\",\"width\":400,\"height\":400,\"caption\":\"Festival Des For\u00eats\"},\"image\":{\"@id\":\"https:\/\/festivaldesforets.fr\/#\/schema\/logo\/image\/\"},\"sameAs\":[\"https:\/\/www.facebook.com\/pages\/category\/Nonprofit-Organization\/Festival-des-For\u00eats-Compi\u00e8gne-387973626896\/\",\"https:\/\/twitter.com\/festivdesforets\",\"https:\/\/www.instagram.com\/festivaldesforets\/\",\"https:\/\/www.youtube.com\/channel\/UCVkpqxSO3SaxTiM-9GVfqag\"]}]}<\/script>\n<!-- \/ Yoast SEO plugin. -->","yoast_head_json":{"title":"Join the association - Festival Des For\u00eats","robots":{"index":"index","follow":"follow","max-snippet":"max-snippet:-1","max-image-preview":"max-image-preview:large","max-video-preview":"max-video-preview:-1"},"canonical":"https:\/\/festivaldesforets.fr\/en\/the-festival-des-forets-association\/join-the-association\/","og_locale":"en_US","og_type":"article","og_title":"Join the association - Festival Des For\u00eats","og_description":"The Festival des For\u00eats is an association law 1901. It was born from the passion for classical music of several people, including: G\u00e9rard de Griffolet, Guy Louis, Chantal Grouard, Bruno Ory-Lavoll\u00e9e, Anne de Rambuteau, Jos\u00e9 Shard, supported by G\u00e9rard Le Goff, from the town hall of Compi\u00e8gne. Association office Bruno Ory-Lavoll\u00e9e, President Edouard Mathieu, Vice-president","og_url":"https:\/\/festivaldesforets.fr\/en\/the-festival-des-forets-association\/join-the-association\/","og_site_name":"Festival Des For\u00eats","article_publisher":"https:\/\/www.facebook.com\/pages\/category\/Nonprofit-Organization\/Festival-des-For%c3%aats-Compi%c3%a8gne-387973626896\/","article_modified_time":"2021-06-24T12:47:54+00:00","og_image":[{"width":1920,"height":828,"url":"https:\/\/festivaldesforets.fr\/app\/medias\/2020\/05\/a-la-une-adherer.jpg","type":"image\/jpeg"}],"twitter_card":"summary_large_image","twitter_site":"@festivdesforets","twitter_misc":{"Est. reading time":"3 minutes"},"schema":{"@context":"https:\/\/schema.org","@graph":[{"@type":"WebPage","@id":"https:\/\/festivaldesforets.fr\/en\/the-festival-des-forets-association\/join-the-association\/","url":"https:\/\/festivaldesforets.fr\/en\/the-festival-des-forets-association\/join-the-association\/","name":"Join the association - Festival Des For\u00eats","isPartOf":{"@id":"https:\/\/festivaldesforets.fr\/#website"},"datePublished":"2021-06-24T12:47:53+00:00","dateModified":"2021-06-24T12:47:54+00:00","breadcrumb":{"@id":"https:\/\/festivaldesforets.fr\/en\/the-festival-des-forets-association\/join-the-association\/#breadcrumb"},"inLanguage":"en-US","potentialAction":[{"@type":"ReadAction","target":["https:\/\/festivaldesforets.fr\/en\/the-festival-des-forets-association\/join-the-association\/"]}]},{"@type":"BreadcrumbList","@id":"https:\/\/festivaldesforets.fr\/en\/the-festival-des-forets-association\/join-the-association\/#breadcrumb","itemListElement":[{"@type":"ListItem","position":1,"name":"Accueil","item":"https:\/\/festivaldesforets.fr\/"},{"@type":"ListItem","position":2,"name":"The Festival des For\u00eats Association","item":"https:\/\/festivaldesforets.fr\/en\/the-festival-des-forets-association\/"},{"@type":"ListItem","position":3,"name":"Join the association"}]},{"@type":"WebSite","@id":"https:\/\/festivaldesforets.fr\/#website","url":"https:\/\/festivaldesforets.fr\/","name":"Festival Des For\u00eats","description":"","publisher":{"@id":"https:\/\/festivaldesforets.fr\/#organization"},"potentialAction":[{"@type":"SearchAction","target":{"@type":"EntryPoint","urlTemplate":"https:\/\/festivaldesforets.fr\/?s={search_term_string}"},"query-input":"required name=search_term_string"}],"inLanguage":"en-US"},{"@type":"Organization","@id":"https:\/\/festivaldesforets.fr\/#organization","name":"Festival Des For\u00eats","url":"https:\/\/festivaldesforets.fr\/","logo":{"@type":"ImageObject","inLanguage":"en-US","@id":"https:\/\/festivaldesforets.fr\/#\/schema\/logo\/image\/","url":"https:\/\/festivaldesforets.fr\/app\/medias\/2020\/04\/favicon.png","contentUrl":"https:\/\/festivaldesforets.fr\/app\/medias\/2020\/04\/favicon.png","width":400,"height":400,"caption":"Festival Des For\u00eats"},"image":{"@id":"https:\/\/festivaldesforets.fr\/#\/schema\/logo\/image\/"},"sameAs":["https:\/\/www.facebook.com\/pages\/category\/Nonprofit-Organization\/Festival-des-For\u00eats-Compi\u00e8gne-387973626896\/","https:\/\/twitter.com\/festivdesforets","https:\/\/www.instagram.com\/festivaldesforets\/","https:\/\/www.youtube.com\/channel\/UCVkpqxSO3SaxTiM-9GVfqag"]}]}},"_links":{"self":[{"href":"https:\/\/festivaldesforets.fr\/en\/wp-json\/wp\/v2\/pages\/2553","targetHints":{"allow":["GET"]}}],"collection":[{"href":"https:\/\/festivaldesforets.fr\/en\/wp-json\/wp\/v2\/pages"}],"about":[{"href":"https:\/\/festivaldesforets.fr\/en\/wp-json\/wp\/v2\/types\/page"}],"author":[{"embeddable":true,"href":"https:\/\/festivaldesforets.fr\/en\/wp-json\/wp\/v2\/users\/3"}],"replies":[{"embeddable":true,"href":"https:\/\/festivaldesforets.fr\/en\/wp-json\/wp\/v2\/comments?post=2553"}],"version-history":[{"count":1,"href":"https:\/\/festivaldesforets.fr\/en\/wp-json\/wp\/v2\/pages\/2553\/revisions"}],"predecessor-version":[{"id":2554,"href":"https:\/\/festivaldesforets.fr\/en\/wp-json\/wp\/v2\/pages\/2553\/revisions\/2554"}],"up":[{"embeddable":true,"href":"https:\/\/festivaldesforets.fr\/en\/wp-json\/wp\/v2\/pages\/2065"}],"wp:featuredmedia":[{"embeddable":true,"href":"https:\/\/festivaldesforets.fr\/en\/wp-json\/wp\/v2\/media\/2239"}],"wp:attachment":[{"href":"https:\/\/festivaldesforets.fr\/en\/wp-json\/wp\/v2\/media?parent=2553"}],"curies":[{"name":"wp","href":"https:\/\/api.w.org\/{rel}","templated":true}]}}