{"id":2172,"date":"2021-06-22T14:16:22","date_gmt":"2021-06-22T12:16:22","guid":{"rendered":"https:\/\/festivaldesforets.fr\/events\/"},"modified":"2021-06-22T14:16:22","modified_gmt":"2021-06-22T12:16:22","slug":"events","status":"publish","type":"page","link":"https:\/\/festivaldesforets.fr\/en\/events\/","title":{"rendered":"Events"},"content":{"rendered":"\n<p># Le texte de cette page n&#8217;est pas utilis\u00e9. #<br\/># Utilis\u00e9 uniquement d&#8217;un point de vue r\u00e9f\u00e9rencement #<\/p>\n","protected":false},"excerpt":{"rendered":"<p># Le texte de cette page n&#8217;est pas utilis\u00e9. ## Utilis\u00e9 uniquement d&#8217;un point de vue r\u00e9f\u00e9rencement #<\/p>\n","protected":false},"author":4,"featured_media":4938,"parent":0,"menu_order":62,"comment_status":"closed","ping_status":"closed","template":"","meta":{"footnotes":""},"class_list":["post-2172","page","type-page","status-publish","has-post-thumbnail","hentry"],"acf":[],"yoast_head":"<!-- This site is optimized with the Yoast SEO plugin v20.13 - https:\/\/yoast.com\/wordpress\/plugins\/seo\/ -->\n<title>Events - Festival Des For\u00eats<\/title>\n<meta name=\"robots\" content=\"index, follow, max-snippet:-1, max-image-preview:large, max-video-preview:-1\" \/>\n<link rel=\"canonical\" href=\"https:\/\/festivaldesforets.fr\/en\/events\/\" \/>\n<meta property=\"og:locale\" content=\"en_US\" \/>\n<meta property=\"og:type\" content=\"article\" \/>\n<meta property=\"og:title\" content=\"Events - Festival Des For\u00eats\" \/>\n<meta property=\"og:description\" content=\"# Le texte de cette page n&#8217;est pas utilis\u00e9. ## Utilis\u00e9 uniquement d&#8217;un point de vue r\u00e9f\u00e9rencement #\" \/>\n<meta property=\"og:url\" content=\"https:\/\/festivaldesforets.fr\/en\/events\/\" \/>\n<meta property=\"og:site_name\" content=\"Festival Des For\u00eats\" \/>\n<meta property=\"article:publisher\" content=\"https:\/\/www.facebook.com\/pages\/category\/Nonprofit-Organization\/Festival-des-For%c3%aats-Compi%c3%a8gne-387973626896\/\" \/>\n<meta property=\"og:image\" content=\"https:\/\/festivaldesforets.fr\/app\/medias\/2020\/03\/sarah-violoniste-2.jpg\" \/>\n\t<meta property=\"og:image:width\" content=\"1137\" \/>\n\t<meta property=\"og:image:height\" content=\"534\" \/>\n\t<meta property=\"og:image:type\" content=\"image\/jpeg\" \/>\n<meta name=\"twitter:card\" content=\"summary_large_image\" \/>\n<meta name=\"twitter:site\" content=\"@festivdesforets\" \/>\n<script type=\"application\/ld+json\" class=\"yoast-schema-graph\">{\"@context\":\"https:\/\/schema.org\",\"@graph\":[{\"@type\":\"WebPage\",\"@id\":\"https:\/\/festivaldesforets.fr\/en\/events\/\",\"url\":\"https:\/\/festivaldesforets.fr\/en\/events\/\",\"name\":\"Events - Festival Des For\u00eats\",\"isPartOf\":{\"@id\":\"https:\/\/festivaldesforets.fr\/#website\"},\"datePublished\":\"2021-06-22T12:16:22+00:00\",\"dateModified\":\"2021-06-22T12:16:22+00:00\",\"breadcrumb\":{\"@id\":\"https:\/\/festivaldesforets.fr\/en\/events\/#breadcrumb\"},\"inLanguage\":\"en-US\",\"potentialAction\":[{\"@type\":\"ReadAction\",\"target\":[\"https:\/\/festivaldesforets.fr\/en\/events\/\"]}]},{\"@type\":\"BreadcrumbList\",\"@id\":\"https:\/\/festivaldesforets.fr\/en\/events\/#breadcrumb\",\"itemListElement\":[{\"@type\":\"ListItem\",\"position\":1,\"name\":\"Accueil\",\"item\":\"https:\/\/festivaldesforets.fr\/\"},{\"@type\":\"ListItem\",\"position\":2,\"name\":\"Events\"}]},{\"@type\":\"WebSite\",\"@id\":\"https:\/\/festivaldesforets.fr\/#website\",\"url\":\"https:\/\/festivaldesforets.fr\/\",\"name\":\"Festival Des For\u00eats\",\"description\":\"\",\"publisher\":{\"@id\":\"https:\/\/festivaldesforets.fr\/#organization\"},\"potentialAction\":[{\"@type\":\"SearchAction\",\"target\":{\"@type\":\"EntryPoint\",\"urlTemplate\":\"https:\/\/festivaldesforets.fr\/?s={search_term_string}\"},\"query-input\":\"required name=search_term_string\"}],\"inLanguage\":\"en-US\"},{\"@type\":\"Organization\",\"@id\":\"https:\/\/festivaldesforets.fr\/#organization\",\"name\":\"Festival Des For\u00eats\",\"url\":\"https:\/\/festivaldesforets.fr\/\",\"logo\":{\"@type\":\"ImageObject\",\"inLanguage\":\"en-US\",\"@id\":\"https:\/\/festivaldesforets.fr\/#\/schema\/logo\/image\/\",\"url\":\"https:\/\/festivaldesforets.fr\/app\/medias\/2020\/04\/favicon.png\",\"contentUrl\":\"https:\/\/festivaldesforets.fr\/app\/medias\/2020\/04\/favicon.png\",\"width\":400,\"height\":400,\"caption\":\"Festival Des For\u00eats\"},\"image\":{\"@id\":\"https:\/\/festivaldesforets.fr\/#\/schema\/logo\/image\/\"},\"sameAs\":[\"https:\/\/www.facebook.com\/pages\/category\/Nonprofit-Organization\/Festival-des-For\u00eats-Compi\u00e8gne-387973626896\/\",\"https:\/\/twitter.com\/festivdesforets\",\"https:\/\/www.instagram.com\/festivaldesforets\/\",\"https:\/\/www.youtube.com\/channel\/UCVkpqxSO3SaxTiM-9GVfqag\"]}]}<\/script>\n<!-- \/ Yoast SEO plugin. -->","yoast_head_json":{"title":"Events - Festival Des For\u00eats","robots":{"index":"index","follow":"follow","max-snippet":"max-snippet:-1","max-image-preview":"max-image-preview:large","max-video-preview":"max-video-preview:-1"},"canonical":"https:\/\/festivaldesforets.fr\/en\/events\/","og_locale":"en_US","og_type":"article","og_title":"Events - Festival Des For\u00eats","og_description":"# Le texte de cette page n&#8217;est pas utilis\u00e9. ## Utilis\u00e9 uniquement d&#8217;un point de vue r\u00e9f\u00e9rencement #","og_url":"https:\/\/festivaldesforets.fr\/en\/events\/","og_site_name":"Festival Des For\u00eats","article_publisher":"https:\/\/www.facebook.com\/pages\/category\/Nonprofit-Organization\/Festival-des-For%c3%aats-Compi%c3%a8gne-387973626896\/","og_image":[{"width":1137,"height":534,"url":"https:\/\/festivaldesforets.fr\/app\/medias\/2020\/03\/sarah-violoniste-2.jpg","type":"image\/jpeg"}],"twitter_card":"summary_large_image","twitter_site":"@festivdesforets","schema":{"@context":"https:\/\/schema.org","@graph":[{"@type":"WebPage","@id":"https:\/\/festivaldesforets.fr\/en\/events\/","url":"https:\/\/festivaldesforets.fr\/en\/events\/","name":"Events - Festival Des For\u00eats","isPartOf":{"@id":"https:\/\/festivaldesforets.fr\/#website"},"datePublished":"2021-06-22T12:16:22+00:00","dateModified":"2021-06-22T12:16:22+00:00","breadcrumb":{"@id":"https:\/\/festivaldesforets.fr\/en\/events\/#breadcrumb"},"inLanguage":"en-US","potentialAction":[{"@type":"ReadAction","target":["https:\/\/festivaldesforets.fr\/en\/events\/"]}]},{"@type":"BreadcrumbList","@id":"https:\/\/festivaldesforets.fr\/en\/events\/#breadcrumb","itemListElement":[{"@type":"ListItem","position":1,"name":"Accueil","item":"https:\/\/festivaldesforets.fr\/"},{"@type":"ListItem","position":2,"name":"Events"}]},{"@type":"WebSite","@id":"https:\/\/festivaldesforets.fr\/#website","url":"https:\/\/festivaldesforets.fr\/","name":"Festival Des For\u00eats","description":"","publisher":{"@id":"https:\/\/festivaldesforets.fr\/#organization"},"potentialAction":[{"@type":"SearchAction","target":{"@type":"EntryPoint","urlTemplate":"https:\/\/festivaldesforets.fr\/?s={search_term_string}"},"query-input":"required name=search_term_string"}],"inLanguage":"en-US"},{"@type":"Organization","@id":"https:\/\/festivaldesforets.fr\/#organization","name":"Festival Des For\u00eats","url":"https:\/\/festivaldesforets.fr\/","logo":{"@type":"ImageObject","inLanguage":"en-US","@id":"https:\/\/festivaldesforets.fr\/#\/schema\/logo\/image\/","url":"https:\/\/festivaldesforets.fr\/app\/medias\/2020\/04\/favicon.png","contentUrl":"https:\/\/festivaldesforets.fr\/app\/medias\/2020\/04\/favicon.png","width":400,"height":400,"caption":"Festival Des For\u00eats"},"image":{"@id":"https:\/\/festivaldesforets.fr\/#\/schema\/logo\/image\/"},"sameAs":["https:\/\/www.facebook.com\/pages\/category\/Nonprofit-Organization\/Festival-des-For\u00eats-Compi\u00e8gne-387973626896\/","https:\/\/twitter.com\/festivdesforets","https:\/\/www.instagram.com\/festivaldesforets\/","https:\/\/www.youtube.com\/channel\/UCVkpqxSO3SaxTiM-9GVfqag"]}]}},"_links":{"self":[{"href":"https:\/\/festivaldesforets.fr\/en\/wp-json\/wp\/v2\/pages\/2172","targetHints":{"allow":["GET"]}}],"collection":[{"href":"https:\/\/festivaldesforets.fr\/en\/wp-json\/wp\/v2\/pages"}],"about":[{"href":"https:\/\/festivaldesforets.fr\/en\/wp-json\/wp\/v2\/types\/page"}],"author":[{"embeddable":true,"href":"https:\/\/festivaldesforets.fr\/en\/wp-json\/wp\/v2\/users\/4"}],"replies":[{"embeddable":true,"href":"https:\/\/festivaldesforets.fr\/en\/wp-json\/wp\/v2\/comments?post=2172"}],"version-history":[{"count":1,"href":"https:\/\/festivaldesforets.fr\/en\/wp-json\/wp\/v2\/pages\/2172\/revisions"}],"predecessor-version":[{"id":2173,"href":"https:\/\/festivaldesforets.fr\/en\/wp-json\/wp\/v2\/pages\/2172\/revisions\/2173"}],"wp:featuredmedia":[{"embeddable":true,"href":"https:\/\/festivaldesforets.fr\/en\/wp-json\/wp\/v2\/media\/4938"}],"wp:attachment":[{"href":"https:\/\/festivaldesforets.fr\/en\/wp-json\/wp\/v2\/media?parent=2172"}],"curies":[{"name":"wp","href":"https:\/\/api.w.org\/{rel}","templated":true}]}}