{"id":1975,"date":"2021-06-07T10:34:13","date_gmt":"2021-06-07T08:34:13","guid":{"rendered":"https:\/\/festivaldesforets.fr\/programme\/"},"modified":"2023-05-30T11:27:19","modified_gmt":"2023-05-30T09:27:19","slug":"programme","status":"publish","type":"page","link":"https:\/\/festivaldesforets.fr\/en\/programme\/","title":{"rendered":"31st season of the Festival des For\u00eats"},"content":{"rendered":"\r\n<p>14 concerts \/ 8 Musical Forest Baths \/200 artists \/ 16 outstanding spots !<\/p>\r\n\r\n\r\n\r\n<h2 class=\"wp-block-heading\">Let\u2019s cycle with Franz Schubert !<\/h2>\r\n\r\n\r\n\r\n<p><br>An unmissable event, the Festival des For\u00eats will propose between the 21st of June to the 15th of July 2023 its 31st edition under the sign of eco-responsibility and soft means of transport.<\/p>\r\n\r\n\r\n\r\n<p><strong>Out of the beaten tracks&nbsp;!<\/strong><\/p>\r\n\r\n\r\n\r\n<p>For 31 years the Festival has been offering original musical events in the heart of the Laigue and Compi\u00e8gne forests, thus weaving tight links between nature, music and heritage.<br>Particularly aware of the environmental issues, it continues its commitment in ecological transition, with a rich, original, demanding programme to offer unusual sensory experiences.\r\n<\/p>\r\n\r\n\r\n\r\n<p><strong>Environment as conducting wire of the programme&nbsp;!<\/strong><\/p>\r\n\r\n\r\n\r\n<ul class=\"wp-block-list\"><li><strong>In the branches concert<\/strong> with Gilles Apap and Myriam Lafargue (2nd of July \u2013Saint Pierre en Chastres, Vieux-Moulin) will take place partly on a tree ! It will be part of the week-end entitled Perched in the trees , a partnership with the festival Branche et Cin\u00e9 proposed by Office National des For\u00eats. You will be able to participate in a <strong>workshop dedicated to the maintenance and the regeneration  of the forest<\/strong> (Saturday 1st of July) ;<\/li>\r\n<li><strong>Cyclo-musical ride<\/strong> with Fran\u00e7ois-Ren\u00e9 Duch\u00e2ble, as an introduction to his recital (9th of July Saint Pierre en Chastres, Vieux-Moulin) ;<\/li>\r\n<li><strong>Thierry Escaich organ<\/strong> recital : he will improvise on the theme of the dangers that threaten the forest, and its capacity of resilience (15th of July, Saint Jean aux Bois) ;<\/li>\r\n<li><strong>The Bees Dance<\/strong>, an eco-friendly fable for families plus a meeting with a beekeeper (5th of July, Compi\u00e8gne) ;\r\n<\/li><\/ul>\r\n\r\n\r\n\r\n<p><strong>Internationally renowned artists<\/strong><\/p>\r\n\r\n\r\n\r\n<p>Loyal to its commitments, the Festival des For\u00eats will propose a very varied programme, giving a large part to young talented artists who will perform with internationally renowned artists such as Thierry Escaich, composer in residence.<\/p>\r\n\r\n\r\n\r\n<p><strong>Enjoy a Musical Forest Bath !<\/strong><\/p>\r\n\r\n\r\n\r\n<p>A large part will be given to the Musical Forest Baths in parallel with the other events throughout the 31st season of the Festival. They embody the alchemy between music and nature which is the purpose of the Festival, by offering a unique experience for self-resourcing. The Festival des For\u00eats proposes a real immersion into classical music, thanks to the richness of its programme and the vibrations experimented during the concerts. The Musical Forest Baths link the benefits of the contact with nature and music, with the presence of an artist and the benefits of self-resourcing with exercises inspired by yoga, or Qi-gong. Three hours in the forest, following a precise development of the course, with a maximum of 20 persons, lead by a coach  and  a musician.<br><\/p>\r\n\r\n\r\n\r\n<p><strong>Music for the whole family !<\/strong><\/p>\r\n\r\n\r\n\r\n<p>For young music lovers, family concerts are proposed to enable families to gather around music.  Specific workshops are offered for the 4 to 10 years old every Wednesday at Compi\u00e8gne Sainr-Corneille library (Les P\u2019tites zoreilles).<\/p>\r\n\r\n\r\n\r\n<p><strong><u>USEFUL INFORMATION<\/u><\/strong><\/p>\r\n\r\n\r\n\r\n<p><u>Ticketing \/ Detailed programme of the concerts :<\/u><\/p>\r\n\r\n\r\n\r\n<ul class=\"wp-block-list\"><li>Online at: <a href=\"http:\/\/www.festivaldesforets.fr\/\">www.festivaldesforets.fr<\/a><\/li><li>By phone at 03 44 40 28 99<\/li><\/ul>\r\n\r\n\r\n\r\n<p>ACCESS :<\/p>\r\n\r\n\r\n\r\n<div class=\"wp-block-columns is-layout-flex wp-container-core-columns-is-layout-9d6595d7 wp-block-columns-is-layout-flex\">\r\n<div class=\"wp-block-column is-layout-flow wp-block-column-is-layout-flow\" style=\"flex-basis:100%\">\r\n<ul class=\"wp-block-list\"><li>By road from Paris : A1 highway, towards Lille (85 km). Don\u2019t forget carpooling ! Reduced price for concerts from 3 persons per car !<\/li><li>Cycling : a free drink offered !<\/li><li>By bus : oise-mobilite.fr<\/li><li>By train : 55 minutes from Paris Gare du Nord, arrive at Compi\u00e8gne station<\/li><li>Free shuttles for concerts outside Compiegne starting from Compi\u00e8gne  train station or Town Hall ( one hour \/45 minutes respectively before begining of the concert. Don\u2019t forget to book at 03 44 40 28 99<\/li><\/ul>\r\n<\/div>\r\n<\/div>\r\n\r\n\r\n\r\n<p>Press Contact<\/p>\r\n\r\n\r\n\r\n\r\n<p>Isabelle Baragan<\/p><br>\r\n<p><a href=\"mailto:isabellebaragan@orange.fr\">isabellebaragan@orange.fr<\/a> \u2013 06 71 65 32 36<\/p>\r\n","protected":false},"excerpt":{"rendered":"<p>14 concerts \/ 8 Musical Forest Baths \/200 artists \/ 16 outstanding spots ! Let\u2019s cycle with Franz Schubert ! An unmissable event, the Festival des For\u00eats will propose between the 21st of June to the 15th of July 2023 its 31st edition under the sign of eco-responsibility and soft means of transport. Out of<\/p>\n","protected":false},"author":3,"featured_media":0,"parent":0,"menu_order":14,"comment_status":"closed","ping_status":"closed","template":"","meta":{"footnotes":""},"class_list":["post-1975","page","type-page","status-publish","hentry"],"acf":[],"yoast_head":"<!-- This site is optimized with the Yoast SEO plugin v20.13 - https:\/\/yoast.com\/wordpress\/plugins\/seo\/ -->\n<title>31st season of the Festival des For\u00eats - Festival Des For\u00eats<\/title>\n<meta name=\"robots\" content=\"index, follow, max-snippet:-1, max-image-preview:large, max-video-preview:-1\" \/>\n<link rel=\"canonical\" href=\"https:\/\/festivaldesforets.fr\/en\/programme\/\" \/>\n<meta property=\"og:locale\" content=\"en_US\" \/>\n<meta property=\"og:type\" content=\"article\" \/>\n<meta property=\"og:title\" content=\"31st season of the Festival des For\u00eats - Festival Des For\u00eats\" \/>\n<meta property=\"og:description\" content=\"14 concerts \/ 8 Musical Forest Baths \/200 artists \/ 16 outstanding spots ! Let\u2019s cycle with Franz Schubert ! An unmissable event, the Festival des For\u00eats will propose between the 21st of June to the 15th of July 2023 its 31st edition under the sign of eco-responsibility and soft means of transport. Out of\" \/>\n<meta property=\"og:url\" content=\"https:\/\/festivaldesforets.fr\/en\/programme\/\" \/>\n<meta property=\"og:site_name\" content=\"Festival Des For\u00eats\" \/>\n<meta property=\"article:publisher\" content=\"https:\/\/www.facebook.com\/pages\/category\/Nonprofit-Organization\/Festival-des-For%c3%aats-Compi%c3%a8gne-387973626896\/\" \/>\n<meta property=\"article:modified_time\" content=\"2023-05-30T09:27:19+00:00\" \/>\n<meta property=\"og:image\" content=\"https:\/\/festivaldesforets.fr\/app\/medias\/2020\/06\/festivaldesforets-og.jpg\" \/>\n\t<meta property=\"og:image:width\" content=\"1200\" \/>\n\t<meta property=\"og:image:height\" content=\"630\" \/>\n\t<meta property=\"og:image:type\" content=\"image\/jpeg\" \/>\n<meta name=\"twitter:card\" content=\"summary_large_image\" \/>\n<meta name=\"twitter:site\" content=\"@festivdesforets\" \/>\n<meta name=\"twitter:label1\" content=\"Est. reading time\" \/>\n\t<meta name=\"twitter:data1\" content=\"5 minutes\" \/>\n<script type=\"application\/ld+json\" class=\"yoast-schema-graph\">{\"@context\":\"https:\/\/schema.org\",\"@graph\":[{\"@type\":\"WebPage\",\"@id\":\"https:\/\/festivaldesforets.fr\/en\/programme\/\",\"url\":\"https:\/\/festivaldesforets.fr\/en\/programme\/\",\"name\":\"31st season of the Festival des For\u00eats - Festival Des For\u00eats\",\"isPartOf\":{\"@id\":\"https:\/\/festivaldesforets.fr\/#website\"},\"datePublished\":\"2021-06-07T08:34:13+00:00\",\"dateModified\":\"2023-05-30T09:27:19+00:00\",\"breadcrumb\":{\"@id\":\"https:\/\/festivaldesforets.fr\/en\/programme\/#breadcrumb\"},\"inLanguage\":\"en-US\",\"potentialAction\":[{\"@type\":\"ReadAction\",\"target\":[\"https:\/\/festivaldesforets.fr\/en\/programme\/\"]}]},{\"@type\":\"BreadcrumbList\",\"@id\":\"https:\/\/festivaldesforets.fr\/en\/programme\/#breadcrumb\",\"itemListElement\":[{\"@type\":\"ListItem\",\"position\":1,\"name\":\"Accueil\",\"item\":\"https:\/\/festivaldesforets.fr\/\"},{\"@type\":\"ListItem\",\"position\":2,\"name\":\"31st season of the Festival des For\u00eats\"}]},{\"@type\":\"WebSite\",\"@id\":\"https:\/\/festivaldesforets.fr\/#website\",\"url\":\"https:\/\/festivaldesforets.fr\/\",\"name\":\"Festival Des For\u00eats\",\"description\":\"\",\"publisher\":{\"@id\":\"https:\/\/festivaldesforets.fr\/#organization\"},\"potentialAction\":[{\"@type\":\"SearchAction\",\"target\":{\"@type\":\"EntryPoint\",\"urlTemplate\":\"https:\/\/festivaldesforets.fr\/?s={search_term_string}\"},\"query-input\":\"required name=search_term_string\"}],\"inLanguage\":\"en-US\"},{\"@type\":\"Organization\",\"@id\":\"https:\/\/festivaldesforets.fr\/#organization\",\"name\":\"Festival Des For\u00eats\",\"url\":\"https:\/\/festivaldesforets.fr\/\",\"logo\":{\"@type\":\"ImageObject\",\"inLanguage\":\"en-US\",\"@id\":\"https:\/\/festivaldesforets.fr\/#\/schema\/logo\/image\/\",\"url\":\"https:\/\/festivaldesforets.fr\/app\/medias\/2020\/04\/favicon.png\",\"contentUrl\":\"https:\/\/festivaldesforets.fr\/app\/medias\/2020\/04\/favicon.png\",\"width\":400,\"height\":400,\"caption\":\"Festival Des For\u00eats\"},\"image\":{\"@id\":\"https:\/\/festivaldesforets.fr\/#\/schema\/logo\/image\/\"},\"sameAs\":[\"https:\/\/www.facebook.com\/pages\/category\/Nonprofit-Organization\/Festival-des-For\u00eats-Compi\u00e8gne-387973626896\/\",\"https:\/\/twitter.com\/festivdesforets\",\"https:\/\/www.instagram.com\/festivaldesforets\/\",\"https:\/\/www.youtube.com\/channel\/UCVkpqxSO3SaxTiM-9GVfqag\"]}]}<\/script>\n<!-- \/ Yoast SEO plugin. -->","yoast_head_json":{"title":"31st season of the Festival des For\u00eats - Festival Des For\u00eats","robots":{"index":"index","follow":"follow","max-snippet":"max-snippet:-1","max-image-preview":"max-image-preview:large","max-video-preview":"max-video-preview:-1"},"canonical":"https:\/\/festivaldesforets.fr\/en\/programme\/","og_locale":"en_US","og_type":"article","og_title":"31st season of the Festival des For\u00eats - Festival Des For\u00eats","og_description":"14 concerts \/ 8 Musical Forest Baths \/200 artists \/ 16 outstanding spots ! Let\u2019s cycle with Franz Schubert ! An unmissable event, the Festival des For\u00eats will propose between the 21st of June to the 15th of July 2023 its 31st edition under the sign of eco-responsibility and soft means of transport. Out of","og_url":"https:\/\/festivaldesforets.fr\/en\/programme\/","og_site_name":"Festival Des For\u00eats","article_publisher":"https:\/\/www.facebook.com\/pages\/category\/Nonprofit-Organization\/Festival-des-For%c3%aats-Compi%c3%a8gne-387973626896\/","article_modified_time":"2023-05-30T09:27:19+00:00","og_image":[{"width":1200,"height":630,"url":"https:\/\/festivaldesforets.fr\/app\/medias\/2020\/06\/festivaldesforets-og.jpg","type":"image\/jpeg"}],"twitter_card":"summary_large_image","twitter_site":"@festivdesforets","twitter_misc":{"Est. reading time":"5 minutes"},"schema":{"@context":"https:\/\/schema.org","@graph":[{"@type":"WebPage","@id":"https:\/\/festivaldesforets.fr\/en\/programme\/","url":"https:\/\/festivaldesforets.fr\/en\/programme\/","name":"31st season of the Festival des For\u00eats - Festival Des For\u00eats","isPartOf":{"@id":"https:\/\/festivaldesforets.fr\/#website"},"datePublished":"2021-06-07T08:34:13+00:00","dateModified":"2023-05-30T09:27:19+00:00","breadcrumb":{"@id":"https:\/\/festivaldesforets.fr\/en\/programme\/#breadcrumb"},"inLanguage":"en-US","potentialAction":[{"@type":"ReadAction","target":["https:\/\/festivaldesforets.fr\/en\/programme\/"]}]},{"@type":"BreadcrumbList","@id":"https:\/\/festivaldesforets.fr\/en\/programme\/#breadcrumb","itemListElement":[{"@type":"ListItem","position":1,"name":"Accueil","item":"https:\/\/festivaldesforets.fr\/"},{"@type":"ListItem","position":2,"name":"31st season of the Festival des For\u00eats"}]},{"@type":"WebSite","@id":"https:\/\/festivaldesforets.fr\/#website","url":"https:\/\/festivaldesforets.fr\/","name":"Festival Des For\u00eats","description":"","publisher":{"@id":"https:\/\/festivaldesforets.fr\/#organization"},"potentialAction":[{"@type":"SearchAction","target":{"@type":"EntryPoint","urlTemplate":"https:\/\/festivaldesforets.fr\/?s={search_term_string}"},"query-input":"required name=search_term_string"}],"inLanguage":"en-US"},{"@type":"Organization","@id":"https:\/\/festivaldesforets.fr\/#organization","name":"Festival Des For\u00eats","url":"https:\/\/festivaldesforets.fr\/","logo":{"@type":"ImageObject","inLanguage":"en-US","@id":"https:\/\/festivaldesforets.fr\/#\/schema\/logo\/image\/","url":"https:\/\/festivaldesforets.fr\/app\/medias\/2020\/04\/favicon.png","contentUrl":"https:\/\/festivaldesforets.fr\/app\/medias\/2020\/04\/favicon.png","width":400,"height":400,"caption":"Festival Des For\u00eats"},"image":{"@id":"https:\/\/festivaldesforets.fr\/#\/schema\/logo\/image\/"},"sameAs":["https:\/\/www.facebook.com\/pages\/category\/Nonprofit-Organization\/Festival-des-For\u00eats-Compi\u00e8gne-387973626896\/","https:\/\/twitter.com\/festivdesforets","https:\/\/www.instagram.com\/festivaldesforets\/","https:\/\/www.youtube.com\/channel\/UCVkpqxSO3SaxTiM-9GVfqag"]}]}},"_links":{"self":[{"href":"https:\/\/festivaldesforets.fr\/en\/wp-json\/wp\/v2\/pages\/1975","targetHints":{"allow":["GET"]}}],"collection":[{"href":"https:\/\/festivaldesforets.fr\/en\/wp-json\/wp\/v2\/pages"}],"about":[{"href":"https:\/\/festivaldesforets.fr\/en\/wp-json\/wp\/v2\/types\/page"}],"author":[{"embeddable":true,"href":"https:\/\/festivaldesforets.fr\/en\/wp-json\/wp\/v2\/users\/3"}],"replies":[{"embeddable":true,"href":"https:\/\/festivaldesforets.fr\/en\/wp-json\/wp\/v2\/comments?post=1975"}],"version-history":[{"count":9,"href":"https:\/\/festivaldesforets.fr\/en\/wp-json\/wp\/v2\/pages\/1975\/revisions"}],"predecessor-version":[{"id":4142,"href":"https:\/\/festivaldesforets.fr\/en\/wp-json\/wp\/v2\/pages\/1975\/revisions\/4142"}],"wp:attachment":[{"href":"https:\/\/festivaldesforets.fr\/en\/wp-json\/wp\/v2\/media?parent=1975"}],"curies":[{"name":"wp","href":"https:\/\/api.w.org\/{rel}","templated":true}]}}