{"id":1938,"date":"2021-06-01T14:19:10","date_gmt":"2021-06-01T12:19:10","guid":{"rendered":"https:\/\/festivaldesforets.fr\/access\/"},"modified":"2021-06-01T14:20:59","modified_gmt":"2021-06-01T12:20:59","slug":"access","status":"publish","type":"page","link":"https:\/\/festivaldesforets.fr\/en\/access\/","title":{"rendered":"Access"},"content":{"rendered":"\n<p>Acces<\/p>\n <iframe src=\"https:\/\/www.google.com\/maps\/embed?pb=!1m18!1m12!1m3!1d83086.08841395799!2d2.78481787823762!3d49.40057934753395!2m3!1f0!2f0!3f0!3m2!1i1024!2i768!4f13.1!3m3!1m2!1s0x47e7d5e621cbedd7%3A0x40af13e81644610!2s60200%20Compi%C3%A8gne!5e0!3m2!1sfr!2sfr!4v1588839377814!5m2!1sfr!2sfr\" style=\"border:0;\" allowfullscreen=\"\" aria-hidden=\"false\" tabindex=\"0\" width=\"600\" height=\"450\" frameborder=\"0\"><\/iframe>\n<p><strong>By road<\/strong>&#13;\nFrom Paris : A12 motorway, towards Lille, Exit 9-Compi\u00e8gne Sud, then follow Compi\u00e8gne&#13;\nFrom the North : A1 motorway, towards Paris, Exit 11- Compi\u00e8gne Nord, then follow Compi\u00e8gne.<\/p>\n\n<p><strong>By train<\/strong>&#13;\nArrive at Compi\u00e8gne station , line Paris, Gare du Nord \/Saint-Quentin\/Maubeuge<\/p>\n\n<p><strong>Take our free shuttles<\/strong>&#13;\n&#13;\nAvailable for each concert out of the City, prior booking compulsory\u00a0: 03 44 40 28 99&#13;\n&#13;\nDeparture from Compi\u00e8gne Railway Station : 1 h before the beginning of the concert&#13;\n&#13;\nOr Departure from the Town Hall : 45 minutes before.&#13;\n&#13;\n\u00a0<\/p>\n\n<p><strong>Car sharing<\/strong>&#13;\n<a href=\"http:\/\/www.covoiturage-oise.fr\">www.covoiturage-oise.fr<\/a>, blablacar.fr\u00a0 and\u00a0 mobicoop.fr<\/p>\n\n<p>The Festival is also engaged in facilitating access to the concerts for persons with reduced mobility. Contact us at  03 44 40 28 99<\/p>\n","protected":false},"excerpt":{"rendered":"<p>Acces By road&#13; From Paris : A12 motorway, towards Lille, Exit 9-Compi\u00e8gne Sud, then follow Compi\u00e8gne&#13; From the North : A1 motorway, towards Paris, Exit 11- Compi\u00e8gne Nord, then follow Compi\u00e8gne. By train&#13; Arrive at Compi\u00e8gne station , line Paris, Gare du Nord \/Saint-Quentin\/Maubeuge Take our free shuttles&#13; &#13; Available for each concert out of<\/p>\n","protected":false},"author":3,"featured_media":1933,"parent":0,"menu_order":55,"comment_status":"closed","ping_status":"closed","template":"","meta":{"footnotes":""},"class_list":["post-1938","page","type-page","status-publish","has-post-thumbnail","hentry"],"acf":[],"yoast_head":"<!-- This site is optimized with the Yoast SEO plugin v20.13 - https:\/\/yoast.com\/wordpress\/plugins\/seo\/ -->\n<title>Access - Festival Des For\u00eats<\/title>\n<meta name=\"robots\" content=\"index, follow, max-snippet:-1, max-image-preview:large, max-video-preview:-1\" \/>\n<link rel=\"canonical\" href=\"https:\/\/festivaldesforets.fr\/en\/access\/\" \/>\n<meta property=\"og:locale\" content=\"en_US\" \/>\n<meta property=\"og:type\" content=\"article\" \/>\n<meta property=\"og:title\" content=\"Access - Festival Des For\u00eats\" \/>\n<meta property=\"og:description\" content=\"Acces By road&#013; From Paris : A12 motorway, towards Lille, Exit 9-Compi\u00e8gne Sud, then follow Compi\u00e8gne&#013; From the North : A1 motorway, towards Paris, Exit 11- Compi\u00e8gne Nord, then follow Compi\u00e8gne. By train&#013; Arrive at Compi\u00e8gne station , line Paris, Gare du Nord \/Saint-Quentin\/Maubeuge Take our free shuttles&#013; &#013; Available for each concert out of\" \/>\n<meta property=\"og:url\" content=\"https:\/\/festivaldesforets.fr\/en\/access\/\" \/>\n<meta property=\"og:site_name\" content=\"Festival Des For\u00eats\" \/>\n<meta property=\"article:publisher\" content=\"https:\/\/www.facebook.com\/pages\/category\/Nonprofit-Organization\/Festival-des-For%c3%aats-Compi%c3%a8gne-387973626896\/\" \/>\n<meta property=\"article:modified_time\" content=\"2021-06-01T12:20:59+00:00\" \/>\n<meta property=\"og:image\" content=\"https:\/\/festivaldesforets.fr\/app\/medias\/2020\/06\/festivaldesforets-og.jpg\" \/>\n\t<meta property=\"og:image:width\" content=\"1200\" \/>\n\t<meta property=\"og:image:height\" content=\"630\" \/>\n\t<meta property=\"og:image:type\" content=\"image\/jpeg\" \/>\n<meta name=\"twitter:card\" content=\"summary_large_image\" \/>\n<meta name=\"twitter:site\" content=\"@festivdesforets\" \/>\n<meta name=\"twitter:label1\" content=\"Est. reading time\" \/>\n\t<meta name=\"twitter:data1\" content=\"1 minute\" \/>\n<script type=\"application\/ld+json\" class=\"yoast-schema-graph\">{\"@context\":\"https:\/\/schema.org\",\"@graph\":[{\"@type\":\"WebPage\",\"@id\":\"https:\/\/festivaldesforets.fr\/en\/access\/\",\"url\":\"https:\/\/festivaldesforets.fr\/en\/access\/\",\"name\":\"Access - Festival Des For\u00eats\",\"isPartOf\":{\"@id\":\"https:\/\/festivaldesforets.fr\/#website\"},\"datePublished\":\"2021-06-01T12:19:10+00:00\",\"dateModified\":\"2021-06-01T12:20:59+00:00\",\"breadcrumb\":{\"@id\":\"https:\/\/festivaldesforets.fr\/en\/access\/#breadcrumb\"},\"inLanguage\":\"en-US\",\"potentialAction\":[{\"@type\":\"ReadAction\",\"target\":[\"https:\/\/festivaldesforets.fr\/en\/access\/\"]}]},{\"@type\":\"BreadcrumbList\",\"@id\":\"https:\/\/festivaldesforets.fr\/en\/access\/#breadcrumb\",\"itemListElement\":[{\"@type\":\"ListItem\",\"position\":1,\"name\":\"Accueil\",\"item\":\"https:\/\/festivaldesforets.fr\/\"},{\"@type\":\"ListItem\",\"position\":2,\"name\":\"Access\"}]},{\"@type\":\"WebSite\",\"@id\":\"https:\/\/festivaldesforets.fr\/#website\",\"url\":\"https:\/\/festivaldesforets.fr\/\",\"name\":\"Festival Des For\u00eats\",\"description\":\"\",\"publisher\":{\"@id\":\"https:\/\/festivaldesforets.fr\/#organization\"},\"potentialAction\":[{\"@type\":\"SearchAction\",\"target\":{\"@type\":\"EntryPoint\",\"urlTemplate\":\"https:\/\/festivaldesforets.fr\/?s={search_term_string}\"},\"query-input\":\"required name=search_term_string\"}],\"inLanguage\":\"en-US\"},{\"@type\":\"Organization\",\"@id\":\"https:\/\/festivaldesforets.fr\/#organization\",\"name\":\"Festival Des For\u00eats\",\"url\":\"https:\/\/festivaldesforets.fr\/\",\"logo\":{\"@type\":\"ImageObject\",\"inLanguage\":\"en-US\",\"@id\":\"https:\/\/festivaldesforets.fr\/#\/schema\/logo\/image\/\",\"url\":\"https:\/\/festivaldesforets.fr\/app\/medias\/2020\/04\/favicon.png\",\"contentUrl\":\"https:\/\/festivaldesforets.fr\/app\/medias\/2020\/04\/favicon.png\",\"width\":400,\"height\":400,\"caption\":\"Festival Des For\u00eats\"},\"image\":{\"@id\":\"https:\/\/festivaldesforets.fr\/#\/schema\/logo\/image\/\"},\"sameAs\":[\"https:\/\/www.facebook.com\/pages\/category\/Nonprofit-Organization\/Festival-des-For\u00eats-Compi\u00e8gne-387973626896\/\",\"https:\/\/twitter.com\/festivdesforets\",\"https:\/\/www.instagram.com\/festivaldesforets\/\",\"https:\/\/www.youtube.com\/channel\/UCVkpqxSO3SaxTiM-9GVfqag\"]}]}<\/script>\n<!-- \/ Yoast SEO plugin. -->","yoast_head_json":{"title":"Access - Festival Des For\u00eats","robots":{"index":"index","follow":"follow","max-snippet":"max-snippet:-1","max-image-preview":"max-image-preview:large","max-video-preview":"max-video-preview:-1"},"canonical":"https:\/\/festivaldesforets.fr\/en\/access\/","og_locale":"en_US","og_type":"article","og_title":"Access - Festival Des For\u00eats","og_description":"Acces By road&#13; From Paris : A12 motorway, towards Lille, Exit 9-Compi\u00e8gne Sud, then follow Compi\u00e8gne&#13; From the North : A1 motorway, towards Paris, Exit 11- Compi\u00e8gne Nord, then follow Compi\u00e8gne. By train&#13; Arrive at Compi\u00e8gne station , line Paris, Gare du Nord \/Saint-Quentin\/Maubeuge Take our free shuttles&#13; &#13; Available for each concert out of","og_url":"https:\/\/festivaldesforets.fr\/en\/access\/","og_site_name":"Festival Des For\u00eats","article_publisher":"https:\/\/www.facebook.com\/pages\/category\/Nonprofit-Organization\/Festival-des-For%c3%aats-Compi%c3%a8gne-387973626896\/","article_modified_time":"2021-06-01T12:20:59+00:00","og_image":[{"width":1200,"height":630,"url":"https:\/\/festivaldesforets.fr\/app\/medias\/2020\/06\/festivaldesforets-og.jpg","type":"image\/jpeg"}],"twitter_card":"summary_large_image","twitter_site":"@festivdesforets","twitter_misc":{"Est. reading time":"1 minute"},"schema":{"@context":"https:\/\/schema.org","@graph":[{"@type":"WebPage","@id":"https:\/\/festivaldesforets.fr\/en\/access\/","url":"https:\/\/festivaldesforets.fr\/en\/access\/","name":"Access - Festival Des For\u00eats","isPartOf":{"@id":"https:\/\/festivaldesforets.fr\/#website"},"datePublished":"2021-06-01T12:19:10+00:00","dateModified":"2021-06-01T12:20:59+00:00","breadcrumb":{"@id":"https:\/\/festivaldesforets.fr\/en\/access\/#breadcrumb"},"inLanguage":"en-US","potentialAction":[{"@type":"ReadAction","target":["https:\/\/festivaldesforets.fr\/en\/access\/"]}]},{"@type":"BreadcrumbList","@id":"https:\/\/festivaldesforets.fr\/en\/access\/#breadcrumb","itemListElement":[{"@type":"ListItem","position":1,"name":"Accueil","item":"https:\/\/festivaldesforets.fr\/"},{"@type":"ListItem","position":2,"name":"Access"}]},{"@type":"WebSite","@id":"https:\/\/festivaldesforets.fr\/#website","url":"https:\/\/festivaldesforets.fr\/","name":"Festival Des For\u00eats","description":"","publisher":{"@id":"https:\/\/festivaldesforets.fr\/#organization"},"potentialAction":[{"@type":"SearchAction","target":{"@type":"EntryPoint","urlTemplate":"https:\/\/festivaldesforets.fr\/?s={search_term_string}"},"query-input":"required name=search_term_string"}],"inLanguage":"en-US"},{"@type":"Organization","@id":"https:\/\/festivaldesforets.fr\/#organization","name":"Festival Des For\u00eats","url":"https:\/\/festivaldesforets.fr\/","logo":{"@type":"ImageObject","inLanguage":"en-US","@id":"https:\/\/festivaldesforets.fr\/#\/schema\/logo\/image\/","url":"https:\/\/festivaldesforets.fr\/app\/medias\/2020\/04\/favicon.png","contentUrl":"https:\/\/festivaldesforets.fr\/app\/medias\/2020\/04\/favicon.png","width":400,"height":400,"caption":"Festival Des For\u00eats"},"image":{"@id":"https:\/\/festivaldesforets.fr\/#\/schema\/logo\/image\/"},"sameAs":["https:\/\/www.facebook.com\/pages\/category\/Nonprofit-Organization\/Festival-des-For\u00eats-Compi\u00e8gne-387973626896\/","https:\/\/twitter.com\/festivdesforets","https:\/\/www.instagram.com\/festivaldesforets\/","https:\/\/www.youtube.com\/channel\/UCVkpqxSO3SaxTiM-9GVfqag"]}]}},"_links":{"self":[{"href":"https:\/\/festivaldesforets.fr\/en\/wp-json\/wp\/v2\/pages\/1938","targetHints":{"allow":["GET"]}}],"collection":[{"href":"https:\/\/festivaldesforets.fr\/en\/wp-json\/wp\/v2\/pages"}],"about":[{"href":"https:\/\/festivaldesforets.fr\/en\/wp-json\/wp\/v2\/types\/page"}],"author":[{"embeddable":true,"href":"https:\/\/festivaldesforets.fr\/en\/wp-json\/wp\/v2\/users\/3"}],"replies":[{"embeddable":true,"href":"https:\/\/festivaldesforets.fr\/en\/wp-json\/wp\/v2\/comments?post=1938"}],"version-history":[{"count":3,"href":"https:\/\/festivaldesforets.fr\/en\/wp-json\/wp\/v2\/pages\/1938\/revisions"}],"predecessor-version":[{"id":1941,"href":"https:\/\/festivaldesforets.fr\/en\/wp-json\/wp\/v2\/pages\/1938\/revisions\/1941"}],"wp:featuredmedia":[{"embeddable":true,"href":"https:\/\/festivaldesforets.fr\/en\/wp-json\/wp\/v2\/media\/1933"}],"wp:attachment":[{"href":"https:\/\/festivaldesforets.fr\/en\/wp-json\/wp\/v2\/media?parent=1938"}],"curies":[{"name":"wp","href":"https:\/\/api.w.org\/{rel}","templated":true}]}}