{"id":1917,"date":"2021-05-27T14:57:36","date_gmt":"2021-05-27T12:57:36","guid":{"rendered":"https:\/\/festivaldesforets.fr\/le-festival-des-forets\/"},"modified":"2021-06-01T09:41:52","modified_gmt":"2021-06-01T07:41:52","slug":"the-festival-des-forets","status":"publish","type":"page","link":"https:\/\/festivaldesforets.fr\/en\/the-festival-des-forets\/","title":{"rendered":"The Festival des For\u00eats"},"content":{"rendered":"\n<h2 class=\"wp-block-heading\">A unique festival<\/h2>\n\n\n\n<p>For 28 years, the Festival des For\u00eats has been renewing the forms of concerts, inviting the audience to live new experiences, bringing together music, nature and heritage. Only one hour away from Paris, it gives a large part to creation, multidisciplinarity, and it hosts exceptional musicians&nbsp; in audacious settings.<\/p>\n\n\n\n<p>A unique festival dedicated to discovery and originality, it offers unexpected links between nature and art :  a real  immersion into nature and a guided discovery of the forest allow the audience to approach the musical works with a new sensory experience.<\/p>\n\n\n\n<h2 class=\"wp-block-heading\">Four formulas to meet a wide range of audience<\/h2>\n\n\n\n<p>&gt; <strong>Highlight concerts of the festival<\/strong>\nThey offer all sorts of public intense musical emotions&nbsp; in exceptional places.<\/p>\n\n\n\n<p>&gt; <strong>Music in the forest<\/strong>\nThe festival allows to link hiking and concerts, with specialized guides, a genuine immersion into nature in order to intensify the experience of the festival goer.<\/p>\n\n\n\n<p>&gt; <strong>Cosy events and Downtown festival<\/strong>\nIn the heart of lovely villages or amidst different areas of Compi\u00e8gne, these concerts are an opportunity to hear international artists and to exchange with them in a very friendly atmosphere.<\/p>\n\n\n\n<p>&gt; <strong>Children and families<\/strong>\nThe festival offers concerts for the young ones as well as musical workshops&nbsp; called \u201cles p\u2019tites Zoreilles\u201d for children between 4 and 10 .<\/p>\n\n\n\n<h2 class=\"wp-block-heading\">An immersion into music and nature<\/h2>\n\n\n\n<p>The Festival des For\u00eats proposes a real immersion into classical music and into nature during musical walks in the forest. It\u2019s a unique experience for self-research !<\/p>\n\n\n\n<p>During the festival, two types of walks are proposed : <\/p>\n\n\n\n<p><strong>&gt;&nbsp;Before-concert hiking<\/strong>\nFor persons with a ticket for one of the concerts of the day (previous booking the day before) , walks with a theme such as history, nature, botany, singing, guided by a specialized expert,\n\nOR hiking of 12 or more kilometers<\/p>\n\n\n\n<p>AND,<\/p>\n\n\n\n<p>> <strong>Musical Forest Bathing<\/strong> Distinct from the concerts (duration: 3 hours) In Japan, the benefits for the body and the mind of <em>shinrin yoku<\/em>\u00a0 (forest bathing) have been well-known for a long time. The festival proposes a three-hour- walk guided by a coach and a musician.<\/p>\n\n\n\n<h2 class=\"wp-block-heading\">Concerts spots<\/h2>\n\n\n\n<p>The Hauts-de-France region is rich in exceptional monuments as well as astonishing forests, a pure delight for nature lovers and hikers.<\/p>\n\n\n\n<p>The Festival des For\u00eats, a few figures<\/p>\n\n\n\n<ul class=\"wp-block-list\"><li>20 concerts in 14 spots in one month<\/li><li>80 composers \u2013 300 guest artists<\/li><li>More than 9000 spectators&nbsp; ( festival and educational concerts)<\/li><li>24 % increase of audience between 2012 and 2019<\/li><li>Budget 560 K\u20ac<\/li><li>94&nbsp; public and private partners<\/li><li>100 volunteers<\/li><\/ul>\n","protected":false},"excerpt":{"rendered":"<p>A unique festival For 28 years, the Festival des For\u00eats has been renewing the forms of concerts, inviting the audience to live new experiences, bringing together music, nature and heritage. Only one hour away from Paris, it gives a large part to creation, multidisciplinarity, and it hosts exceptional musicians&nbsp; in audacious settings. A unique festival<\/p>\n","protected":false},"author":4,"featured_media":1919,"parent":0,"menu_order":12,"comment_status":"closed","ping_status":"closed","template":"","meta":{"footnotes":""},"class_list":["post-1917","page","type-page","status-publish","has-post-thumbnail","hentry"],"acf":[],"yoast_head":"<!-- This site is optimized with the Yoast SEO plugin v20.13 - https:\/\/yoast.com\/wordpress\/plugins\/seo\/ -->\n<title>The Festival des For\u00eats - Festival Des For\u00eats<\/title>\n<meta name=\"robots\" content=\"index, follow, max-snippet:-1, max-image-preview:large, max-video-preview:-1\" \/>\n<link rel=\"canonical\" href=\"https:\/\/festivaldesforets.fr\/en\/the-festival-des-forets\/\" \/>\n<meta property=\"og:locale\" content=\"en_US\" \/>\n<meta property=\"og:type\" content=\"article\" \/>\n<meta property=\"og:title\" content=\"The Festival des For\u00eats - Festival Des For\u00eats\" \/>\n<meta property=\"og:description\" content=\"A unique festival For 28 years, the Festival des For\u00eats has been renewing the forms of concerts, inviting the audience to live new experiences, bringing together music, nature and heritage. Only one hour away from Paris, it gives a large part to creation, multidisciplinarity, and it hosts exceptional musicians&nbsp; in audacious settings. A unique festival\" \/>\n<meta property=\"og:url\" content=\"https:\/\/festivaldesforets.fr\/en\/the-festival-des-forets\/\" \/>\n<meta property=\"og:site_name\" content=\"Festival Des For\u00eats\" \/>\n<meta property=\"article:publisher\" content=\"https:\/\/www.facebook.com\/pages\/category\/Nonprofit-Organization\/Festival-des-For%c3%aats-Compi%c3%a8gne-387973626896\/\" \/>\n<meta property=\"article:modified_time\" content=\"2021-06-01T07:41:52+00:00\" \/>\n<meta property=\"og:image\" content=\"https:\/\/festivaldesforets.fr\/app\/medias\/2020\/06\/festivaldesforets-og.jpg\" \/>\n\t<meta property=\"og:image:width\" content=\"1200\" \/>\n\t<meta property=\"og:image:height\" content=\"630\" \/>\n\t<meta property=\"og:image:type\" content=\"image\/jpeg\" \/>\n<meta name=\"twitter:card\" content=\"summary_large_image\" \/>\n<meta name=\"twitter:site\" content=\"@festivdesforets\" \/>\n<meta name=\"twitter:label1\" content=\"Est. reading time\" \/>\n\t<meta name=\"twitter:data1\" content=\"2 minutes\" \/>\n<script type=\"application\/ld+json\" class=\"yoast-schema-graph\">{\"@context\":\"https:\/\/schema.org\",\"@graph\":[{\"@type\":\"WebPage\",\"@id\":\"https:\/\/festivaldesforets.fr\/en\/the-festival-des-forets\/\",\"url\":\"https:\/\/festivaldesforets.fr\/en\/the-festival-des-forets\/\",\"name\":\"The Festival des For\u00eats - Festival Des For\u00eats\",\"isPartOf\":{\"@id\":\"https:\/\/festivaldesforets.fr\/#website\"},\"datePublished\":\"2021-05-27T12:57:36+00:00\",\"dateModified\":\"2021-06-01T07:41:52+00:00\",\"breadcrumb\":{\"@id\":\"https:\/\/festivaldesforets.fr\/en\/the-festival-des-forets\/#breadcrumb\"},\"inLanguage\":\"en-US\",\"potentialAction\":[{\"@type\":\"ReadAction\",\"target\":[\"https:\/\/festivaldesforets.fr\/en\/the-festival-des-forets\/\"]}]},{\"@type\":\"BreadcrumbList\",\"@id\":\"https:\/\/festivaldesforets.fr\/en\/the-festival-des-forets\/#breadcrumb\",\"itemListElement\":[{\"@type\":\"ListItem\",\"position\":1,\"name\":\"Accueil\",\"item\":\"https:\/\/festivaldesforets.fr\/\"},{\"@type\":\"ListItem\",\"position\":2,\"name\":\"The Festival des For\u00eats\"}]},{\"@type\":\"WebSite\",\"@id\":\"https:\/\/festivaldesforets.fr\/#website\",\"url\":\"https:\/\/festivaldesforets.fr\/\",\"name\":\"Festival Des For\u00eats\",\"description\":\"\",\"publisher\":{\"@id\":\"https:\/\/festivaldesforets.fr\/#organization\"},\"potentialAction\":[{\"@type\":\"SearchAction\",\"target\":{\"@type\":\"EntryPoint\",\"urlTemplate\":\"https:\/\/festivaldesforets.fr\/?s={search_term_string}\"},\"query-input\":\"required name=search_term_string\"}],\"inLanguage\":\"en-US\"},{\"@type\":\"Organization\",\"@id\":\"https:\/\/festivaldesforets.fr\/#organization\",\"name\":\"Festival Des For\u00eats\",\"url\":\"https:\/\/festivaldesforets.fr\/\",\"logo\":{\"@type\":\"ImageObject\",\"inLanguage\":\"en-US\",\"@id\":\"https:\/\/festivaldesforets.fr\/#\/schema\/logo\/image\/\",\"url\":\"https:\/\/festivaldesforets.fr\/app\/medias\/2020\/04\/favicon.png\",\"contentUrl\":\"https:\/\/festivaldesforets.fr\/app\/medias\/2020\/04\/favicon.png\",\"width\":400,\"height\":400,\"caption\":\"Festival Des For\u00eats\"},\"image\":{\"@id\":\"https:\/\/festivaldesforets.fr\/#\/schema\/logo\/image\/\"},\"sameAs\":[\"https:\/\/www.facebook.com\/pages\/category\/Nonprofit-Organization\/Festival-des-For\u00eats-Compi\u00e8gne-387973626896\/\",\"https:\/\/twitter.com\/festivdesforets\",\"https:\/\/www.instagram.com\/festivaldesforets\/\",\"https:\/\/www.youtube.com\/channel\/UCVkpqxSO3SaxTiM-9GVfqag\"]}]}<\/script>\n<!-- \/ Yoast SEO plugin. -->","yoast_head_json":{"title":"The Festival des For\u00eats - Festival Des For\u00eats","robots":{"index":"index","follow":"follow","max-snippet":"max-snippet:-1","max-image-preview":"max-image-preview:large","max-video-preview":"max-video-preview:-1"},"canonical":"https:\/\/festivaldesforets.fr\/en\/the-festival-des-forets\/","og_locale":"en_US","og_type":"article","og_title":"The Festival des For\u00eats - Festival Des For\u00eats","og_description":"A unique festival For 28 years, the Festival des For\u00eats has been renewing the forms of concerts, inviting the audience to live new experiences, bringing together music, nature and heritage. Only one hour away from Paris, it gives a large part to creation, multidisciplinarity, and it hosts exceptional musicians&nbsp; in audacious settings. A unique festival","og_url":"https:\/\/festivaldesforets.fr\/en\/the-festival-des-forets\/","og_site_name":"Festival Des For\u00eats","article_publisher":"https:\/\/www.facebook.com\/pages\/category\/Nonprofit-Organization\/Festival-des-For%c3%aats-Compi%c3%a8gne-387973626896\/","article_modified_time":"2021-06-01T07:41:52+00:00","og_image":[{"width":1200,"height":630,"url":"https:\/\/festivaldesforets.fr\/app\/medias\/2020\/06\/festivaldesforets-og.jpg","type":"image\/jpeg"}],"twitter_card":"summary_large_image","twitter_site":"@festivdesforets","twitter_misc":{"Est. reading time":"2 minutes"},"schema":{"@context":"https:\/\/schema.org","@graph":[{"@type":"WebPage","@id":"https:\/\/festivaldesforets.fr\/en\/the-festival-des-forets\/","url":"https:\/\/festivaldesforets.fr\/en\/the-festival-des-forets\/","name":"The Festival des For\u00eats - Festival Des For\u00eats","isPartOf":{"@id":"https:\/\/festivaldesforets.fr\/#website"},"datePublished":"2021-05-27T12:57:36+00:00","dateModified":"2021-06-01T07:41:52+00:00","breadcrumb":{"@id":"https:\/\/festivaldesforets.fr\/en\/the-festival-des-forets\/#breadcrumb"},"inLanguage":"en-US","potentialAction":[{"@type":"ReadAction","target":["https:\/\/festivaldesforets.fr\/en\/the-festival-des-forets\/"]}]},{"@type":"BreadcrumbList","@id":"https:\/\/festivaldesforets.fr\/en\/the-festival-des-forets\/#breadcrumb","itemListElement":[{"@type":"ListItem","position":1,"name":"Accueil","item":"https:\/\/festivaldesforets.fr\/"},{"@type":"ListItem","position":2,"name":"The Festival des For\u00eats"}]},{"@type":"WebSite","@id":"https:\/\/festivaldesforets.fr\/#website","url":"https:\/\/festivaldesforets.fr\/","name":"Festival Des For\u00eats","description":"","publisher":{"@id":"https:\/\/festivaldesforets.fr\/#organization"},"potentialAction":[{"@type":"SearchAction","target":{"@type":"EntryPoint","urlTemplate":"https:\/\/festivaldesforets.fr\/?s={search_term_string}"},"query-input":"required name=search_term_string"}],"inLanguage":"en-US"},{"@type":"Organization","@id":"https:\/\/festivaldesforets.fr\/#organization","name":"Festival Des For\u00eats","url":"https:\/\/festivaldesforets.fr\/","logo":{"@type":"ImageObject","inLanguage":"en-US","@id":"https:\/\/festivaldesforets.fr\/#\/schema\/logo\/image\/","url":"https:\/\/festivaldesforets.fr\/app\/medias\/2020\/04\/favicon.png","contentUrl":"https:\/\/festivaldesforets.fr\/app\/medias\/2020\/04\/favicon.png","width":400,"height":400,"caption":"Festival Des For\u00eats"},"image":{"@id":"https:\/\/festivaldesforets.fr\/#\/schema\/logo\/image\/"},"sameAs":["https:\/\/www.facebook.com\/pages\/category\/Nonprofit-Organization\/Festival-des-For\u00eats-Compi\u00e8gne-387973626896\/","https:\/\/twitter.com\/festivdesforets","https:\/\/www.instagram.com\/festivaldesforets\/","https:\/\/www.youtube.com\/channel\/UCVkpqxSO3SaxTiM-9GVfqag"]}]}},"_links":{"self":[{"href":"https:\/\/festivaldesforets.fr\/en\/wp-json\/wp\/v2\/pages\/1917","targetHints":{"allow":["GET"]}}],"collection":[{"href":"https:\/\/festivaldesforets.fr\/en\/wp-json\/wp\/v2\/pages"}],"about":[{"href":"https:\/\/festivaldesforets.fr\/en\/wp-json\/wp\/v2\/types\/page"}],"author":[{"embeddable":true,"href":"https:\/\/festivaldesforets.fr\/en\/wp-json\/wp\/v2\/users\/4"}],"replies":[{"embeddable":true,"href":"https:\/\/festivaldesforets.fr\/en\/wp-json\/wp\/v2\/comments?post=1917"}],"version-history":[{"count":8,"href":"https:\/\/festivaldesforets.fr\/en\/wp-json\/wp\/v2\/pages\/1917\/revisions"}],"predecessor-version":[{"id":1930,"href":"https:\/\/festivaldesforets.fr\/en\/wp-json\/wp\/v2\/pages\/1917\/revisions\/1930"}],"wp:featuredmedia":[{"embeddable":true,"href":"https:\/\/festivaldesforets.fr\/en\/wp-json\/wp\/v2\/media\/1919"}],"wp:attachment":[{"href":"https:\/\/festivaldesforets.fr\/en\/wp-json\/wp\/v2\/media?parent=1917"}],"curies":[{"name":"wp","href":"https:\/\/api.w.org\/{rel}","templated":true}]}}